{"id":5544,"date":"2023-06-07T20:19:25","date_gmt":"2023-06-08T00:19:25","guid":{"rendered":"https:\/\/www.lorganisme.com\/?page_id=5544"},"modified":"2023-07-17T12:57:17","modified_gmt":"2023-07-17T16:57:17","slug":"politique-de-confidentialite","status":"publish","type":"page","link":"https:\/\/www.lorganisme.com\/fr\/politique-de-confidentialite\/","title":{"rendered":"Politique de confidentialit\u00e9"},"content":{"rendered":"<p><strong>Politique relative \u00e0 la protection de la vie priv\u00e9e et des renseignements personnels<\/strong><\/p>\n<p>Date d\u2019entr\u00e9e en vigueur: 6 juin 2023<\/p>\n<p>La pr\u00e9sente politique sur la protection de la vie priv\u00e9e et des renseignements personnels d\u00e9crit les politiques et pratiques actuelles de Lorganisme (\u00ab Lorganisme \u00bb, \u00ab nous \u00bb, \u00ab nos \u00bb) relativement \u00e0 la collecte, l\u2019utilisation et \u00e0 la conservation des renseignements personnels que nous recueillons directement aupr\u00e8s de vous par le biais du projet Linterface, de nos Parcours doux (pratique performative en ext\u00e9rieur), de nos stages, de la Soir\u00e9e B (\u00e9v\u00e9nement b\u00e9n\u00e9fice) ou des sites Web de Lorganisme ou de tout site Web op\u00e9r\u00e9 par celle-ci (le \u00ab site Web \u00bb, les \u00ab sites Web \u00bb), collectivement d\u00e9sign\u00e9 comme les \u00ab Services \u00bb ou de l\u2019utilisation que vous faites des services ou du site Web (l\u2019\u00ab Utilisation \u00bb).<\/p>\n<p>La pr\u00e9sente politique s\u2019applique \u00e9galement, avec les ajustements n\u00e9cessaires, \u00e0 tout dossier constitu\u00e9 par Lorganisme sur tout commettant ou fournisseur dans le cadre d\u2019une relation employeur\u00b7euse-employ\u00e9\u00b7e et client\u00b7e-fournisseur\u00b7euse.<\/p>\n<p><strong>1. Introduction<\/strong><\/p>\n<p>Nous avons \u00e0 c\u0153ur la protection de vos renseignements personnels.<\/p>\n<p>La pr\u00e9sente Politique relative \u00e0 la protection de la vie priv\u00e9e et des renseignements personnels d\u00e9crit les politiques et pratiques actuelles de Lorganisme relativement \u00e0 la collecte, l\u2019utilisation et \u00e0 la conservation des renseignements personnels que nous recueillons directement aupr\u00e8s de vous par l\u2019interm\u00e9diaire de nos Services et de l\u2019Utilisation que vous en faites.<\/p>\n<p>La pr\u00e9sente politique vise notamment \u00e0 satisfaire aux exigences \u00e9tablies par la Loi sur la protection des renseignements personnels dans le secteur priv\u00e9 (RLRQ, c. P-39.1) ainsi que par d\u2019autres lois et normes applicables au regard de la collecte, de la conservation, de l\u2019utilisation et de la communication et de la protection des renseignements personnels, ainsi que de leur acc\u00e8s.<\/p>\n<p>Aux fins de la pr\u00e9sente politique, l\u2019expression \u00ab renseignement personnel \u00bb signifie tout renseignement concernant un\u00b7e individu et qui permet de l\u2019identifier directement ou indirectement, tels que son adresse civique, adresse courriel, num\u00e9ro de t\u00e9l\u00e9phone et tout renseignement de nature m\u00e9dicale ou financi\u00e8re.<\/p>\n<p><strong>2. Collecte des renseignements personnels<\/strong><\/p>\n<p>Lorsque vous utilisez les Outils et selon votre utilisation, nous pouvons recueillir, le cas \u00e9ch\u00e9ant, des renseignements personnels suivants vous concernant (ci-apr\u00e8s, les \u00ab Renseignements personnels \u00bb) :<br \/>\n&#8211; Genre ;<br \/>\n&#8211; Nom ;<br \/>\n&#8211; Pr\u00e9nom ;<br \/>\n&#8211; Adresse civique ;<br \/>\n&#8211; Code postal ;<br \/>\n&#8211; Adresse courriel ;<br \/>\n&#8211; Num\u00e9ro de t\u00e9l\u00e9phone ;<br \/>\n&#8211; Informations de paiement que vous fournissez pour l\u2019Utilisation des Services (y compris votre num\u00e9ro de carte de paiement, sa date d\u2019\u00e9ch\u00e9ance et son code CVV) ;<br \/>\n&#8211; Adresse de protocole Internet (adresse IP) ;<br \/>\n&#8211; Num\u00e9ro d\u2019identification unique \u00e9mis par une autorit\u00e9 gouvernementale.<\/p>\n<p>Les Renseignements personnels que nous collectons sont recueillis par nous ou nos fournisseurs de services au travers notamment de formulaires et gr\u00e2ce \u00e0 l\u2019interactivit\u00e9 \u00e9tablie entre vous et nos Outils. Nous utilisons \u00e9galement, comme indiqu\u00e9 dans les sections suivantes, des fichiers t\u00e9moins ainsi que des renseignements fournis sur nos r\u00e9seaux sociaux.<\/p>\n<p>Nous recueillons, utilisons et communiquons vos Renseignements personnels principalement par les moyens suivants :<br \/>\n&#8211; Votre abonnement \u00e0 nos infolettres ;<br \/>\n&#8211; Formulaire d\u2019abonnement au site web du projet Linterface ;<br \/>\n&#8211; Formulaire de commande et de don sur nos sites Web ;<br \/>\n&#8211; Formulaire du site Event Brite dans le cadre des Parcours doux et des stages ;<br \/>\n&#8211; Formulaire Google form ;<br \/>\n&#8211; Google Analytics ;<br \/>\n&#8211; Tracking Facebook ;<br \/>\n&#8211; Les commentaires que vous laissez sur nos r\u00e9seaux sociaux ;<br \/>\n&#8211; La correspondance avec nous.<\/p>\n<p>Nous utilisons les Renseignements personnels ainsi collect\u00e9s pour les finalit\u00e9s suivantes que ce soit via nos Outils ou des services de fournisseurs tiers :<br \/>\n&#8211; Pour proc\u00e9der \u00e0 la r\u00e9servation ou \u00e0 l\u2019achat lorsque vous vous procurez des abonnements, billets de spectacles et d\u2019\u00e9v\u00e8nements ou des produits et services que nous offrons et vous informer \u00e0 cet \u00e9gard ;<br \/>\n&#8211; Pour \u00e9tablir et confirmer votre identit\u00e9 ;<br \/>\n&#8211; Pour r\u00e9pondre \u00e0 vos demandes d\u2019information, livrer les produits et services, maintenir la qualit\u00e9 de notre service \u00e0 la client\u00e8le et pr\u00e9venir la fraude\u2009;<br \/>\n&#8211; Pour cibler vos besoins, int\u00e9r\u00eats et pr\u00e9f\u00e9rences et vous informer de notre programmation ainsi que de nos actualit\u00e9s, services, avantages, produits et biens susceptibles de vous int\u00e9resser ;<br \/>\n&#8211; \u00c0 des fins de statistiques et de marketing ;<br \/>\n&#8211; Pour la gestion de nos sites Web, de nos r\u00e9seaux sociaux et de notre billetterie ;<br \/>\n&#8211; Pour toutes autres fins autoris\u00e9es ou exig\u00e9es par la loi.<\/p>\n<p><strong>3. Renseignements li\u00e9s \u00e0 des t\u00e9moins de navigation (Cookies)<\/strong><\/p>\n<p>Nous utilisons des t\u00e9moins de navigation afin d\u2019am\u00e9liorer la performance de nos Outils et votre exp\u00e9rience. Les t\u00e9moins sont des fichiers de petite taille enregistr\u00e9s sur votre disque dur par le serveur sur lequel se trouvent les Outils ou par des serveurs tiers qui permettent de reconna\u00eetre un utilisateur des Outils et d\u2019en personnaliser leur contenu.<\/p>\n<p>Les t\u00e9moins, qui peuvent aussi parfois \u00eatre appel\u00e9s t\u00e9moins HTML, sont utilis\u00e9s pour la navigation et pour faciliter votre acc\u00e8s et votre utilisation des Outils. Ils sont n\u00e9cessaires pour la transmission des communications ou pour fournir les services que vous avez demand\u00e9s. L\u2019utilisation de t\u00e9moins permet une utilisation s\u00fbre et efficace de nos Outils.<\/p>\n<p>Plus pr\u00e9cis\u00e9ment, nous pouvons utiliser des t\u00e9moins pour :<br \/>\n&#8211; La collecte des informations pendant la dur\u00e9e de votre visite sur nos Outils ;<br \/>\n&#8211; La collecte des informations pour reconna\u00eetre votre navigateur ou votre appareil \u00e0 chaque visite;<br \/>\n&#8211; L\u2019analyse de votre comportement sur nos Outils afin que nous puissions continuer \u00e0 les am\u00e9liorer ;<\/p>\n<p>Nous utilisons \u00e9galement des t\u00e9moins qui sont retransmis par un fournisseur de services d\u2019analyse ou de statistiques afin de recueillir des informations agr\u00e9g\u00e9es sur le nombre d\u2019utilisateurs et la mani\u00e8re dont ils utilisent nos Outils. Ceux-ci sont \u00e9galement consid\u00e9r\u00e9s comme des t\u00e9moins tiers.<\/p>\n<p>Le service d\u2019analyse ou de statistique peut collecter des informations par le biais de donn\u00e9es de journal, telles que :<br \/>\n&#8211; Adresse IP ;<br \/>\n&#8211; Le type de navigateur et d\u2019appareil ;<br \/>\n&#8211; Le syst\u00e8me d\u2019exploitation ;<br \/>\n&#8211; L\u2019information sur le pays ;<br \/>\n&#8211; La date et l\u2019heure de la visite ;<br \/>\n&#8211; La page Internet d\u2019origine (renvoi) et de sortie ;<br \/>\n&#8211; Le nombre de clics.<\/p>\n<p>Nous n\u2019utilisons pas ces informations pour vous identifier, mais plut\u00f4t pour comprendre les tendances d\u2019utilisation de nos Outils et am\u00e9liorer nos Services.<\/p>\n<p>Vous pouvez vous opposer \u00e0 l&rsquo;enregistrement de ces fichiers t\u00e9moins en configurant votre logiciel de navigation. Toutefois, la suppression des t\u00e9moins de votre navigateur peut supprimer les pr\u00e9f\u00e9rences que vous avez d\u00e9finies pour nos Outils, ainsi que les pr\u00e9f\u00e9rences que vous avez d\u00e9finies pour d\u2019autres sites Web op\u00e9r\u00e9s par des tiers.<br \/>\nPour plus d\u2019informations et d\u2019assistance, vous pouvez \u00e9galement consulter la page d\u2019aide sp\u00e9cifique du navigateur Internet que vous utilisez.<\/p>\n<p><strong>4. Renseignements fournis sur les r\u00e9seaux sociaux<\/strong><\/p>\n<p>Nous recueillons les informations transmises par des sites ou des applications de r\u00e9seautage social lorsqu\u2019un\u00b7e visiteur\u00b7e interagit avec des profils d\u00e9tenus ou contr\u00f4l\u00e9s par nous sur ces plateformes de r\u00e9seautage social. Ces sites ou applications sont r\u00e9gis par leurs propres politiques relatives \u00e0 vos renseignements personnels qui peuvent \u00eatre diff\u00e9rentes de la n\u00f4tre et pourraient \u00e9galement \u00eatre applicables.<\/p>\n<p>Si vous d\u00e9cidez d\u2019interagir avec nous par l\u2019entremise de ces r\u00e9seaux sociaux, vous devriez d\u2019abord lire les conditions de service et les politiques de confidentialit\u00e9 de ces tiers fournisseurs de services et des applications utilis\u00e9es pour y avoir acc\u00e8s.<\/p>\n<p><strong>5. H\u00e9bergement des renseignements personnels<\/strong><\/p>\n<p>Pour la dur\u00e9e de l\u2019utilisation des Outils, il est possible que vos renseignements personnels soient transit\u00e9s, trait\u00e9s et conserv\u00e9s \u00e0 l\u2019ext\u00e9rieur du Qu\u00e9bec par le biais des services qui nous sont offerts par les fournisseurs suivants :<br \/>\n&#8211; Event Brite<br \/>\n&#8211; Mailchimp<br \/>\n&#8211; Square<br \/>\n&#8211; Stripe<br \/>\n&#8211; Wix<br \/>\n&#8211; Zeffy<\/p>\n<p><strong>6. Dur\u00e9e de conservation des renseignements personnels<\/strong><\/p>\n<p>Nous conserverons dans nos syst\u00e8mes l\u2019ensemble des Renseignements personnels collect\u00e9s pour toute la dur\u00e9e de votre utilisation de nos Outils et nous nous engageons \u00e0 les d\u00e9truire \u00e0 votre demande ou au terme de votre Utilisation des Outils.<\/p>\n<p><strong>7. S\u00e9curit\u00e9<\/strong><\/p>\n<p>Nous nous assurons que les Renseignements personnels que nous collectons sont conserv\u00e9s dans un environnement s\u00e9curis\u00e9. Les personnes travaillant pour nous ou pour notre compte sont tenues de respecter la confidentialit\u00e9 de vos informations. Pour assurer la s\u00e9curit\u00e9 de vos Renseignements personnels, nous avons recours aux mesures suivantes:<br \/>\n&#8211; Protocole SSL ;<br \/>\n&#8211; Protocole SET ;<br \/>\n&#8211; Gestion des acc\u00e8s \u2014 personne autoris\u00e9e ;<br \/>\n&#8211; Gestion des acc\u00e8s \u2014 personne concern\u00e9e ;<br \/>\n&#8211; Sauvegarde informatique ;<br \/>\n&#8211; Pare-feu.<\/p>\n<p>Nous nous engageons \u00e0 maintenir un haut degr\u00e9 de confidentialit\u00e9 en int\u00e9grant les meilleures pratiques permettant d\u2019assurer la confidentialit\u00e9 de vos transactions. Toutefois, comme aucun m\u00e9canisme n\u2019offre une s\u00e9curit\u00e9 maximale, une part de risque est toujours pr\u00e9sente lorsque l\u2019on utilise Internet pour transmettre des Renseignements personnels.<\/p>\n<p><strong>8. Messages ind\u00e9sirables<\/strong><\/p>\n<p>Nous respectons la l\u00e9gislation et la r\u00e9glementation en vigueur en mati\u00e8re de messages \u00e9lectroniques ind\u00e9sirables (pourriels). Si vous ne d\u00e9sirez plus recevoir de communications \u00e9lectroniques de notre part ou si vous consid\u00e9rez que vous avez re\u00e7u une communication inappropri\u00e9e ou ind\u00e9sirable, veuillez suivre le m\u00e9canisme de d\u00e9sabonnement se trouvant dans nos messages \u00e9lectroniques.<\/p>\n<p>Nous pourrons cependant toujours contacter nos utilisateurs \u00e0 propos de leurs commandes, de leurs demandes d\u2019information ou de leurs renseignements personnels, le tout conform\u00e9ment aux lois applicables.<\/p>\n<p><strong>9. Responsable de la protection des renseignements personnels<\/strong><\/p>\n<p>La personne responsable de la protection des Renseignements personnels est : <strong>Sylvie Lavoie<\/strong>. Elle peut \u00eatre contact\u00e9e par courriel \u00e0 l\u2019adresse suivante : <a href=\"mailto:administration@lorganisme.com\">administration@lorganisme.com<\/a><\/p>\n<p>La personne responsable de la protection des Renseignements personnels est charg\u00e9e de d\u00e9terminer les finalit\u00e9s et les moyens relatifs au traitement des Renseignements personnels.<\/p>\n<p>La personne responsable de la protection des Renseignements personnels s\u2019engage \u00e0 prot\u00e9ger les Renseignements personnels collect\u00e9s, \u00e0 ne pas les transmettre \u00e0 des tiers sans que vous n\u2019en ayez \u00e9t\u00e9 inform\u00e9 sp\u00e9cifiquement ou par le biais de la pr\u00e9sente politique et \u00e0 respecter les finalit\u00e9s pour lesquelles ces renseignements ont \u00e9t\u00e9 collect\u00e9s.<\/p>\n<p>De plus, la personne responsable de la protection des Renseignements personnels s\u2019engage \u00e0 vous aviser en cas de rectification ou de suppression des Renseignements personnels, \u00e0 moins que cela n\u2019entra\u00eene pour nous des formalit\u00e9s, co\u00fbts ou d\u00e9marches disproportionn\u00e9s.<\/p>\n<p>Dans le cas o\u00f9 l\u2019int\u00e9grit\u00e9, la confidentialit\u00e9 ou la s\u00e9curit\u00e9 de vos Renseignements personnels est compromise, la personne responsable de la protection des Renseignements personnels s\u2019engage \u00e0 vous en informer par tout moyen commercialement raisonnable.<\/p>\n<p><strong>10. Droit d\u2019opposition et de retrai<\/strong>t<\/p>\n<p>Nous nous engageons \u00e0 vous offrir un droit d\u2019opposition et de retrait quant \u00e0 vos Renseignements personnels.<br \/>\nLe droit d\u2019opposition s\u2019entend comme \u00e9tant la possibilit\u00e9 offerte aux personnes de refuser que leurs Renseignements personnels soient utilis\u00e9s \u00e0 certaines fins mentionn\u00e9es lors de la collecte.<\/p>\n<p>Le droit de retrait s\u2019entend comme \u00e9tant la possibilit\u00e9 offerte aux personnes de demander \u00e0 ce que leurs Renseignements personnels ne figurent plus, par exemple, \u00e0 nos registres.<\/p>\n<p>Nous nous engageons \u00e9galement \u00e0 reconna\u00eetre un droit d\u2019acc\u00e8s et de rectification ou de retrait aux personnes concern\u00e9es d\u00e9sireuses de consulter, modifier, voire radier les informations les concernant.<\/p>\n<p>\u00c0 cet \u00e9gard, veuillez communiquer avec nous aux coordonn\u00e9es suivantes : <a href=\"mailto:administration@lorganisme.com\">administration@lorganisme.com<\/a><\/p>\n<p><strong>11. Droits additionnels en vertu du r\u00e8glement europ\u00e9en 2016\/679<\/strong><\/p>\n<p>Conform\u00e9ment \u00e0 la r\u00e9glementation europ\u00e9enne concernant le traitement des renseignements personnels, vous poss\u00e9dez \u00e9galement les droits ci-apr\u00e8s \u00e9num\u00e9r\u00e9s.<\/p>\n<p>Afin que la personne responsable de la protection des Renseignements personnels fasse droit \u00e0 votre demande, vous \u00eates tenu\u00b7e de lui communiquer : vos pr\u00e9nom et nom ainsi que votre adresse courriel, et si cela est pertinent, votre num\u00e9ro de compte ou d&rsquo;espace personnel ou d&rsquo;abonn\u00e9.<\/p>\n<p>Le responsable du traitement des renseignements personnels est tenu de vous r\u00e9pondre dans un d\u00e9lai de trente (30) jours maximum.<\/p>\n<p>a) Droit \u00e0 la portabilit\u00e9 des renseignements personnels<br \/>\nVous avez droit de demander la portabilit\u00e9 de vos renseignements personnels, d\u00e9tenus par nous, vers un autre site, en adressant une demande \u00e9crite \u00e0 la personne responsable de la protection des Renseignements personnels.<\/p>\n<p>b) Droit de ne pas faire l&rsquo;objet d&rsquo;une d\u00e9cision fond\u00e9e exclusivement sur un proc\u00e9d\u00e9 automatis\u00e9<br \/>\nConform\u00e9ment aux dispositions du r\u00e8glement europ\u00e9en 2016\/679, vous avez le droit de ne pas faire l&rsquo;objet d&rsquo;une d\u00e9cision fond\u00e9e exclusivement sur un proc\u00e9d\u00e9 automatis\u00e9 si la d\u00e9cision produit des effets juridiques vous concernant ou affecte de mani\u00e8re significative de fa\u00e7on similaire.<\/p>\n<p>c) Droit de saisir l&rsquo;autorit\u00e9 comp\u00e9tente<br \/>\nDans le cas o\u00f9 la personne responsable de la protection des Renseignements personnels d\u00e9cide de ne pas r\u00e9pondre \u00e0 votre demande et que vous souhaitez contester cette d\u00e9cision ou, si vous pensez qu&rsquo;il ait port\u00e9 atteinte \u00e0 l&rsquo;un de vos droits \u00e9num\u00e9r\u00e9s ci-dessus, vous \u00eates en droit de saisir toute cour comp\u00e9tente.<\/p>\n<p><strong>12. Lien vers d\u2019autres services<\/strong><\/p>\n<p>Les Outils peuvent contenir des hyperliens vers des sites Internet de tiers (les \u00ab Sites tiers \u00bb) qui peuvent faire quitter les Outils. Nous fournissons ces hyperliens pour am\u00e9liorer la convivialit\u00e9 de nos Outils. Les Sites tiers ne sont pas sous notre contr\u00f4le. Ainsi, nous n\u2019assurons aucun contr\u00f4le sur les pratiques en mati\u00e8re de vie priv\u00e9e et de confidentialit\u00e9 des Sites tiers. Par cons\u00e9quent, tout renseignement personnel qui est transmis par l\u2019interm\u00e9diaire des Sites tiers est assujetti \u00e0 la politique de confidentialit\u00e9 de ces Sites tiers. Il est de votre responsabilit\u00e9 d\u2019en prendre connaissance afin d\u2019assurer la protection des renseignements qui les concernent.<\/p>\n<p>Notez \u00e9galement que la pr\u00e9sente politique ne vise pas les renseignements personnels recueillis par l\u2019appareil (ou son fabricant) \u00e0 partir duquel vous utilisez les Outils.<\/p>\n<p><strong>13. Conditions de modification de la politique<\/strong><\/p>\n<p>Nous nous r\u00e9servons le droit de modifier la pr\u00e9sente politique afin de garantir sa conformit\u00e9 avec le droit en vigueur. Par cons\u00e9quent, vous \u00eates invit\u00e9\u00b7e \u00e0 venir la consulter r\u00e9guli\u00e8rement afin de vous tenir inform\u00e9 des derniers changements qui lui seront apport\u00e9s. Toutefois, en cas de modification substantielle de la pr\u00e9sente politique, vous en serez inform\u00e9\u00b7e\u00b7 par l\u2019envoi d\u2019une infolettre \u00e0 cet effet.<\/p>\n<p><strong>14. Acceptation de la Politique<\/strong><\/p>\n<p>En utilisant nos Outils, vous attestez avoir lu et compris la pr\u00e9sente Politique et en acceptez les conditions, en ce qui concerne plus particuli\u00e8rement la collecte et le traitement de vos Renseignements personnels, ainsi que de l\u2019utilisation de fichiers t\u00e9moins.<\/p>\n<p><strong>15. L\u00e9gislation et Commission d\u2019acc\u00e8s \u00e0 l\u2019information<\/strong><\/p>\n<p>Nous nous engageons \u00e0 respecter les dispositions l\u00e9gislatives \u00e9nonc\u00e9es dans Loi sur la protection des renseignements personnels dans le secteur priv\u00e9 (RLRQ c. P-39.1).<\/p>\n<p>Si vous n\u2019\u00eates pas satisfait\u00b7e de la fa\u00e7on dont nous r\u00e9pondons \u00e0 vos demandes ou questions en lien avec la cueillette, la conservation, l\u2019utilisation ou la communication de vos renseignements personnels, vous pouvez communiquer avec la Commission d\u2019acc\u00e8s \u00e0 l\u2019information, un organisme public charg\u00e9 de surveiller les pratiques en mati\u00e8re de renseignements personnels dans le secteur priv\u00e9.<\/p>\n<p>Par t\u00e9l\u00e9phone : 1 888 528-774<br \/>\nPar t\u00e9l\u00e9copieur : 418 529-3102 ou 514 844-6170<br \/>\nPar courriel : <a href=\"mailto:cai.communications@cai.gouv.qc.ca\">cai.communications@cai.gouv.qc.ca<\/a><br \/>\nPar courrier : Bureau 2.36<br \/>\n525, boul. Ren\u00e9-L\u00e9vesque Est<br \/>\nQu\u00e9bec (Qu\u00e9bec) G1R 5S9<\/p>\n<p>ou<\/p>\n<p>Bureau 18.200<br \/>\n500, boul. Ren\u00e9-L\u00e9vesque Ouest<br \/>\nMontr\u00e9al (Qu\u00e9bec) H2Z 1W7<br \/>\nSite Web : <a href=\"http:\/\/www.cai.gouv.qc.ca\/\">http:\/\/www.cai.gouv.qc.ca\/<\/a><\/p>\n","protected":false},"excerpt":{"rendered":"<p>Politique relative \u00e0 la protection de la vie priv\u00e9e et des renseignements personnels Date d\u2019entr\u00e9e en vigueur: 6 juin 2023 La pr\u00e9sente politique sur la protection de la vie priv\u00e9e et des renseignements personnels d\u00e9crit les politiques et pratiques actuelles de Lorganisme (\u00ab Lorganisme \u00bb, \u00ab nous \u00bb, \u00ab nos \u00bb) relativement \u00e0 la collecte, [&hellip;]<\/p>\n","protected":false},"author":3,"featured_media":0,"parent":0,"menu_order":0,"comment_status":"closed","ping_status":"closed","template":"templates\/basic.php","meta":{"_acf_changed":false,"footnotes":""},"class_list":["post-5544","page","type-page","status-publish","hentry"],"acf":[],"_links":{"self":[{"href":"https:\/\/www.lorganisme.com\/fr\/wp-json\/wp\/v2\/pages\/5544","targetHints":{"allow":["GET"]}}],"collection":[{"href":"https:\/\/www.lorganisme.com\/fr\/wp-json\/wp\/v2\/pages"}],"about":[{"href":"https:\/\/www.lorganisme.com\/fr\/wp-json\/wp\/v2\/types\/page"}],"author":[{"embeddable":true,"href":"https:\/\/www.lorganisme.com\/fr\/wp-json\/wp\/v2\/users\/3"}],"replies":[{"embeddable":true,"href":"https:\/\/www.lorganisme.com\/fr\/wp-json\/wp\/v2\/comments?post=5544"}],"version-history":[{"count":3,"href":"https:\/\/www.lorganisme.com\/fr\/wp-json\/wp\/v2\/pages\/5544\/revisions"}],"predecessor-version":[{"id":5581,"href":"https:\/\/www.lorganisme.com\/fr\/wp-json\/wp\/v2\/pages\/5544\/revisions\/5581"}],"wp:attachment":[{"href":"https:\/\/www.lorganisme.com\/fr\/wp-json\/wp\/v2\/media?parent=5544"}],"curies":[{"name":"wp","href":"https:\/\/api.w.org\/{rel}","templated":true}]}}