{"id":30,"date":"2017-07-26T16:24:53","date_gmt":"2017-07-26T20:24:53","guid":{"rendered":"https:\/\/www.lorganisme.com\/?page_id=30\/"},"modified":"2017-10-04T13:23:58","modified_gmt":"2017-10-04T17:23:58","slug":"deplier-lart-choregraphique","status":"publish","type":"page","link":"https:\/\/www.lorganisme.com\/fr\/deplier-lart-choregraphique\/","title":{"rendered":"D\u00e9plier l&rsquo;art chor\u00e9graphique"},"content":{"rendered":"<p>D\u00e9plier l&rsquo;art chor\u00e9graphique, plonger dans les plis obscurs du monde, frayer entre les replis de la mati\u00e8re, creuser les sinuosit\u00e9s de l\u2019\u00e2me, les d\u00e9plier pour y d\u00e9couvrir l\u2019id\u00e9e enfouie, puis les replier en un nouvel origami et, dans ce prisme, entrevoir d\u2019autres mondes, kal\u00e9idoscopes, o\u00f9 la r\u00e9ponse est toujours multiple et complexe, o\u00f9 chaque \u00e9lan est f\u00e9cond du suivant, dans un mouvement perp\u00e9tuel, tel un territoire qui s\u2019enroule et se d\u00e9roule, se replie et se d\u00e9ploie, supprimant toute distance et produisant du recul tout \u00e0 la fois, diss\u00e9minant entre soi et l\u2019autre, en soi et en l\u2019autre, des connexions inesp\u00e9r\u00e9es qui se r\u00e9pandent comme une infection heureuse.<\/p>\n","protected":false},"excerpt":{"rendered":"<p>D\u00e9plier l&rsquo;art chor\u00e9graphique, plonger dans les plis obscurs du monde, frayer entre les replis de la mati\u00e8re, creuser les sinuosit\u00e9s de l\u2019\u00e2me, les d\u00e9plier pour y d\u00e9couvrir l\u2019id\u00e9e enfouie, puis les replier en un nouvel origami et, dans ce prisme, entrevoir d\u2019autres mondes, kal\u00e9idoscopes, o\u00f9 la r\u00e9ponse est toujours multiple et complexe, o\u00f9 chaque \u00e9lan [&hellip;]<\/p>\n","protected":false},"author":1,"featured_media":0,"parent":0,"menu_order":0,"comment_status":"closed","ping_status":"closed","template":"templates\/basic.php","meta":{"_acf_changed":false,"footnotes":""},"class_list":["post-30","page","type-page","status-publish","hentry"],"acf":[],"_links":{"self":[{"href":"https:\/\/www.lorganisme.com\/fr\/wp-json\/wp\/v2\/pages\/30","targetHints":{"allow":["GET"]}}],"collection":[{"href":"https:\/\/www.lorganisme.com\/fr\/wp-json\/wp\/v2\/pages"}],"about":[{"href":"https:\/\/www.lorganisme.com\/fr\/wp-json\/wp\/v2\/types\/page"}],"author":[{"embeddable":true,"href":"https:\/\/www.lorganisme.com\/fr\/wp-json\/wp\/v2\/users\/1"}],"replies":[{"embeddable":true,"href":"https:\/\/www.lorganisme.com\/fr\/wp-json\/wp\/v2\/comments?post=30"}],"version-history":[{"count":4,"href":"https:\/\/www.lorganisme.com\/fr\/wp-json\/wp\/v2\/pages\/30\/revisions"}],"predecessor-version":[{"id":1250,"href":"https:\/\/www.lorganisme.com\/fr\/wp-json\/wp\/v2\/pages\/30\/revisions\/1250"}],"wp:attachment":[{"href":"https:\/\/www.lorganisme.com\/fr\/wp-json\/wp\/v2\/media?parent=30"}],"curies":[{"name":"wp","href":"https:\/\/api.w.org\/{rel}","templated":true}]}}